{"id":14435,"date":"2026-05-07T14:00:27","date_gmt":"2026-05-07T12:00:27","guid":{"rendered":"https:\/\/hollie.pl\/?post_type=product&#038;p=14435"},"modified":"2026-05-08T07:55:14","modified_gmt":"2026-05-08T05:55:14","slug":"cotton-bag","status":"publish","type":"product","link":"https:\/\/hollie.pl\/en\/product\/cotton-bag\/","title":{"rendered":"COTTON BAG"},"content":{"rendered":"<p>Bawe\u0142na 100% z certyfikatem OEKO-TEX\u00ae z ekologicznym nadrukiem bez u\u017cycia wody.<\/p>\n<p><strong>Size<\/strong><\/p>\n<p>szeroko\u015b\u0107 64 cm<\/p>\n<p>height 36 cm<\/p>\n<p>g\u0142\u0119boko\u015b\u0107 21 cm<\/p>\n<p>d\u0142ugo\u015b\u0107 r\u0105czek 64 cm<\/p>","protected":false},"excerpt":{"rendered":"<p>COTTON to du\u017ca, bardzo pojemna torba wykonana bawe\u0142ny z certyfikatem OEKO-TEX\u00ae z naszym autorskim nadrukiem w czarno-kremow\u0105 kratk\u0119. W zestawie du\u017ca, odpinana saszetka zamykana na zamek. Torebka ma wewn\u0105trz czarn\u0105 podszewk\u0119 oraz wewn\u0119trzn\u0105 kiesze\u0144 z naszym logo. Torba COTTON jest bardzo lekka i idealnie sprawdzi si\u0119 zar\u00f3wno na co dzie\u0144 jak i na wszelkie wyjazdy.<\/p>","protected":false},"featured_media":14441,"comment_status":"closed","ping_status":"closed","template":"","meta":{"_acf_changed":false},"product_brand":[],"product_cat":[55,39],"product_tag":[],"class_list":{"0":"post-14435","1":"product","2":"type-product","3":"status-publish","4":"has-post-thumbnail","6":"product_cat-torebki","7":"product_cat-duze-torebki","9":"first","10":"instock","11":"shipping-taxable","12":"purchasable","13":"product-type-simple","swatches":"rey-swatches","show_selected":"","stretch_labels":"rey-swatches--stretch-labels"},"acf":[],"yoast_head":"<!-- This site is optimized with the Yoast SEO plugin v27.5 - https:\/\/yoast.com\/product\/yoast-seo-wordpress\/ -->\n<title>COTTON BAG - Hollie Warsaw<\/title>\n<meta name=\"robots\" content=\"index, follow, max-snippet:-1, max-image-preview:large, max-video-preview:-1\" \/>\n<link rel=\"canonical\" href=\"https:\/\/hollie.pl\/en\/product\/cotton-bag\/\" \/>\n<meta property=\"og:locale\" content=\"en_GB\" \/>\n<meta property=\"og:type\" content=\"article\" \/>\n<meta property=\"og:title\" content=\"COTTON BAG - Hollie Warsaw\" \/>\n<meta property=\"og:description\" content=\"COTTON to du\u017ca, bardzo pojemna torba wykonana bawe\u0142ny z certyfikatem OEKO-TEX\u00ae z naszym autorskim nadrukiem w czarno-kremow\u0105 kratk\u0119. W zestawie du\u017ca, odpinana saszetka zamykana na zamek. Torebka ma wewn\u0105trz czarn\u0105 podszewk\u0119 oraz wewn\u0119trzn\u0105 kiesze\u0144 z naszym logo. Torba COTTON jest bardzo lekka i idealnie sprawdzi si\u0119 zar\u00f3wno na co dzie\u0144 jak i na wszelkie wyjazdy.\" \/>\n<meta property=\"og:url\" content=\"https:\/\/hollie.pl\/en\/product\/cotton-bag\/\" \/>\n<meta property=\"og:site_name\" content=\"Hollie Warsaw\" \/>\n<meta property=\"article:modified_time\" content=\"2026-05-08T05:55:14+00:00\" \/>\n<meta property=\"og:image\" content=\"https:\/\/hollie.pl\/wp-content\/uploads\/2026\/05\/bawelniana_torba_w_kratke_hollie_cotton.png\" \/>\n\t<meta property=\"og:image:width\" content=\"2048\" \/>\n\t<meta property=\"og:image:height\" content=\"2048\" \/>\n\t<meta property=\"og:image:type\" content=\"image\/png\" \/>\n<meta name=\"twitter:card\" content=\"summary_large_image\" \/>\n<meta name=\"twitter:label1\" content=\"Estimated reading time\" \/>\n\t<meta name=\"twitter:data1\" content=\"1 minute\" \/>\n<script type=\"application\/ld+json\" class=\"yoast-schema-graph\">{\"@context\":\"https:\\\/\\\/schema.org\",\"@graph\":[{\"@type\":\"WebPage\",\"@id\":\"https:\\\/\\\/hollie.pl\\\/produkt\\\/cotton-bag\\\/\",\"url\":\"https:\\\/\\\/hollie.pl\\\/produkt\\\/cotton-bag\\\/\",\"name\":\"COTTON BAG - Hollie Warsaw\",\"isPartOf\":{\"@id\":\"https:\\\/\\\/hollie.pl\\\/#website\"},\"primaryImageOfPage\":{\"@id\":\"https:\\\/\\\/hollie.pl\\\/produkt\\\/cotton-bag\\\/#primaryimage\"},\"image\":{\"@id\":\"https:\\\/\\\/hollie.pl\\\/produkt\\\/cotton-bag\\\/#primaryimage\"},\"thumbnailUrl\":\"https:\\\/\\\/hollie.pl\\\/wp-content\\\/uploads\\\/2026\\\/05\\\/bawelniana_torba_w_kratke_hollie_cotton.png\",\"datePublished\":\"2026-05-07T12:00:27+00:00\",\"dateModified\":\"2026-05-08T05:55:14+00:00\",\"breadcrumb\":{\"@id\":\"https:\\\/\\\/hollie.pl\\\/produkt\\\/cotton-bag\\\/#breadcrumb\"},\"inLanguage\":\"en-GB\",\"potentialAction\":[{\"@type\":\"ReadAction\",\"target\":[\"https:\\\/\\\/hollie.pl\\\/produkt\\\/cotton-bag\\\/\"]}]},{\"@type\":\"ImageObject\",\"inLanguage\":\"en-GB\",\"@id\":\"https:\\\/\\\/hollie.pl\\\/produkt\\\/cotton-bag\\\/#primaryimage\",\"url\":\"https:\\\/\\\/hollie.pl\\\/wp-content\\\/uploads\\\/2026\\\/05\\\/bawelniana_torba_w_kratke_hollie_cotton.png\",\"contentUrl\":\"https:\\\/\\\/hollie.pl\\\/wp-content\\\/uploads\\\/2026\\\/05\\\/bawelniana_torba_w_kratke_hollie_cotton.png\",\"width\":2048,\"height\":2048},{\"@type\":\"BreadcrumbList\",\"@id\":\"https:\\\/\\\/hollie.pl\\\/produkt\\\/cotton-bag\\\/#breadcrumb\",\"itemListElement\":[{\"@type\":\"ListItem\",\"position\":1,\"name\":\"Strona g\u0142\u00f3wna\",\"item\":\"https:\\\/\\\/hollie.pl\\\/\"},{\"@type\":\"ListItem\",\"position\":2,\"name\":\"Sklep\",\"item\":\"https:\\\/\\\/hollie.pl\\\/sklep\\\/\"},{\"@type\":\"ListItem\",\"position\":3,\"name\":\"COTTON BAG\"}]},{\"@type\":\"WebSite\",\"@id\":\"https:\\\/\\\/hollie.pl\\\/#website\",\"url\":\"https:\\\/\\\/hollie.pl\\\/\",\"name\":\"Hollie Warsaw\",\"description\":\"torebki damskie i akcesoria | torebka damska\",\"publisher\":{\"@id\":\"https:\\\/\\\/hollie.pl\\\/#organization\"},\"potentialAction\":[{\"@type\":\"SearchAction\",\"target\":{\"@type\":\"EntryPoint\",\"urlTemplate\":\"https:\\\/\\\/hollie.pl\\\/?s={search_term_string}\"},\"query-input\":{\"@type\":\"PropertyValueSpecification\",\"valueRequired\":true,\"valueName\":\"search_term_string\"}}],\"inLanguage\":\"en-GB\"},{\"@type\":\"Organization\",\"@id\":\"https:\\\/\\\/hollie.pl\\\/#organization\",\"name\":\"Hollie Warsaw\",\"url\":\"https:\\\/\\\/hollie.pl\\\/\",\"logo\":{\"@type\":\"ImageObject\",\"inLanguage\":\"en-GB\",\"@id\":\"https:\\\/\\\/hollie.pl\\\/#\\\/schema\\\/logo\\\/image\\\/\",\"url\":\"https:\\\/\\\/hollie.pl\\\/wp-content\\\/uploads\\\/2025\\\/02\\\/HollieWarsaw-Logo.svg\",\"contentUrl\":\"https:\\\/\\\/hollie.pl\\\/wp-content\\\/uploads\\\/2025\\\/02\\\/HollieWarsaw-Logo.svg\",\"width\":252,\"height\":81,\"caption\":\"Hollie Warsaw\"},\"image\":{\"@id\":\"https:\\\/\\\/hollie.pl\\\/#\\\/schema\\\/logo\\\/image\\\/\"},\"sameAs\":[\"https:\\\/\\\/www.instagram.com\\\/hollie.warsaw\"]}]}<\/script>\n<!-- \/ Yoast SEO plugin. -->","yoast_head_json":{"title":"COTTON BAG - Hollie Warsaw","robots":{"index":"index","follow":"follow","max-snippet":"max-snippet:-1","max-image-preview":"max-image-preview:large","max-video-preview":"max-video-preview:-1"},"canonical":"https:\/\/hollie.pl\/en\/product\/cotton-bag\/","og_locale":"en_GB","og_type":"article","og_title":"COTTON BAG - Hollie Warsaw","og_description":"COTTON to du\u017ca, bardzo pojemna torba wykonana bawe\u0142ny z certyfikatem OEKO-TEX\u00ae z naszym autorskim nadrukiem w czarno-kremow\u0105 kratk\u0119. W zestawie du\u017ca, odpinana saszetka zamykana na zamek. Torebka ma wewn\u0105trz czarn\u0105 podszewk\u0119 oraz wewn\u0119trzn\u0105 kiesze\u0144 z naszym logo. Torba COTTON jest bardzo lekka i idealnie sprawdzi si\u0119 zar\u00f3wno na co dzie\u0144 jak i na wszelkie wyjazdy.","og_url":"https:\/\/hollie.pl\/en\/product\/cotton-bag\/","og_site_name":"Hollie Warsaw","article_modified_time":"2026-05-08T05:55:14+00:00","og_image":[{"width":2048,"height":2048,"url":"https:\/\/hollie.pl\/wp-content\/uploads\/2026\/05\/bawelniana_torba_w_kratke_hollie_cotton.png","type":"image\/png"}],"twitter_card":"summary_large_image","twitter_misc":{"Estimated reading time":"1 minute"},"schema":{"@context":"https:\/\/schema.org","@graph":[{"@type":"WebPage","@id":"https:\/\/hollie.pl\/produkt\/cotton-bag\/","url":"https:\/\/hollie.pl\/produkt\/cotton-bag\/","name":"COTTON BAG - Hollie Warsaw","isPartOf":{"@id":"https:\/\/hollie.pl\/#website"},"primaryImageOfPage":{"@id":"https:\/\/hollie.pl\/produkt\/cotton-bag\/#primaryimage"},"image":{"@id":"https:\/\/hollie.pl\/produkt\/cotton-bag\/#primaryimage"},"thumbnailUrl":"https:\/\/hollie.pl\/wp-content\/uploads\/2026\/05\/bawelniana_torba_w_kratke_hollie_cotton.png","datePublished":"2026-05-07T12:00:27+00:00","dateModified":"2026-05-08T05:55:14+00:00","breadcrumb":{"@id":"https:\/\/hollie.pl\/produkt\/cotton-bag\/#breadcrumb"},"inLanguage":"en-GB","potentialAction":[{"@type":"ReadAction","target":["https:\/\/hollie.pl\/produkt\/cotton-bag\/"]}]},{"@type":"ImageObject","inLanguage":"en-GB","@id":"https:\/\/hollie.pl\/produkt\/cotton-bag\/#primaryimage","url":"https:\/\/hollie.pl\/wp-content\/uploads\/2026\/05\/bawelniana_torba_w_kratke_hollie_cotton.png","contentUrl":"https:\/\/hollie.pl\/wp-content\/uploads\/2026\/05\/bawelniana_torba_w_kratke_hollie_cotton.png","width":2048,"height":2048},{"@type":"BreadcrumbList","@id":"https:\/\/hollie.pl\/produkt\/cotton-bag\/#breadcrumb","itemListElement":[{"@type":"ListItem","position":1,"name":"Strona g\u0142\u00f3wna","item":"https:\/\/hollie.pl\/"},{"@type":"ListItem","position":2,"name":"Sklep","item":"https:\/\/hollie.pl\/sklep\/"},{"@type":"ListItem","position":3,"name":"COTTON BAG"}]},{"@type":"WebSite","@id":"https:\/\/hollie.pl\/#website","url":"https:\/\/hollie.pl\/","name":"Hollie Warsaw","description":"torebki damskie i akcesoria | torebka damska","publisher":{"@id":"https:\/\/hollie.pl\/#organization"},"potentialAction":[{"@type":"SearchAction","target":{"@type":"EntryPoint","urlTemplate":"https:\/\/hollie.pl\/?s={search_term_string}"},"query-input":{"@type":"PropertyValueSpecification","valueRequired":true,"valueName":"search_term_string"}}],"inLanguage":"en-GB"},{"@type":"Organization","@id":"https:\/\/hollie.pl\/#organization","name":"Hollie Warsaw","url":"https:\/\/hollie.pl\/","logo":{"@type":"ImageObject","inLanguage":"en-GB","@id":"https:\/\/hollie.pl\/#\/schema\/logo\/image\/","url":"https:\/\/hollie.pl\/wp-content\/uploads\/2025\/02\/HollieWarsaw-Logo.svg","contentUrl":"https:\/\/hollie.pl\/wp-content\/uploads\/2025\/02\/HollieWarsaw-Logo.svg","width":252,"height":81,"caption":"Hollie Warsaw"},"image":{"@id":"https:\/\/hollie.pl\/#\/schema\/logo\/image\/"},"sameAs":["https:\/\/www.instagram.com\/hollie.warsaw"]}]}},"_links":{"self":[{"href":"https:\/\/hollie.pl\/en\/wp-json\/wp\/v2\/product\/14435","targetHints":{"allow":["GET"]}}],"collection":[{"href":"https:\/\/hollie.pl\/en\/wp-json\/wp\/v2\/product"}],"about":[{"href":"https:\/\/hollie.pl\/en\/wp-json\/wp\/v2\/types\/product"}],"replies":[{"embeddable":true,"href":"https:\/\/hollie.pl\/en\/wp-json\/wp\/v2\/comments?post=14435"}],"wp:featuredmedia":[{"embeddable":true,"href":"https:\/\/hollie.pl\/en\/wp-json\/wp\/v2\/media\/14441"}],"wp:attachment":[{"href":"https:\/\/hollie.pl\/en\/wp-json\/wp\/v2\/media?parent=14435"}],"wp:term":[{"taxonomy":"product_brand","embeddable":true,"href":"https:\/\/hollie.pl\/en\/wp-json\/wp\/v2\/product_brand?post=14435"},{"taxonomy":"product_cat","embeddable":true,"href":"https:\/\/hollie.pl\/en\/wp-json\/wp\/v2\/product_cat?post=14435"},{"taxonomy":"product_tag","embeddable":true,"href":"https:\/\/hollie.pl\/en\/wp-json\/wp\/v2\/product_tag?post=14435"}],"curies":[{"name":"wp","href":"https:\/\/api.w.org\/{rel}","templated":true}]}}