{"id":12144,"date":"2026-02-13T16:05:38","date_gmt":"2026-02-13T15:05:38","guid":{"rendered":"https:\/\/hollie.pl\/?post_type=product&#038;p=12144"},"modified":"2026-04-04T17:04:06","modified_gmt":"2026-04-04T15:04:06","slug":"torebka-frida","status":"publish","type":"product","link":"https:\/\/hollie.pl\/en\/product\/torebka-frida\/","title":{"rendered":"Torebka FRIDA"},"content":{"rendered":"<p>100% w\u0142oska sk\u00f3ra (w zale\u017cno\u015bci od wariantu: zamsz impregnowany lub sk\u00f3ra licowa g\u0142adka). Z\u0142ote okucia. Torebka szyta w Polsce.<\/p>\n<p><strong>Size<\/strong><\/p>\n<p>szeroko\u015b\u0107 g\u00f3ra 47 cm<\/p>\n<p>szeroko\u015b\u0107 d\u00f3\u0142 33 cm<\/p>\n<p>wysoko\u015b\u0107 23 cm<\/p>\n<p>depth 16 cm<\/p>\n<p>r\u0105czki: 57 cm<\/p>","protected":false},"excerpt":{"rendered":"<p>FRIDA to bardzo pojemna torebka wykonana z w\u0142oskiej sk\u00f3ry (w zale\u017cno\u015bci od wariantu: z impregnowanego zamszu lub ze sk\u00f3ry licowej). Torebka zapinana jest na z\u0142oty zamek. Wewn\u0105trz znajduj\u0105 si\u0119 dwie kieszonki w tym jedna na zamek. Torebka posiada d\u0142ugie, wygodne r\u0105czki. Z przodu kieszonka zapinana na zamek mieszcz\u0105ca np. telefon. \u015arodek wyko\u0144czony jest czarn\u0105, eleganck\u0105 podszewk\u0105. Z przodu wybite z\u0142ote logo. FRIDA to niezwyk\u0142a torebka, kt\u00f3ra pomie\u015bci wszystkie potrzebne rzeczy takie jak laptop, format A4, telefon, kosmetyczk\u0119, notes, butelk\u0119 wody, parasol, iPad etc.<\/p>","protected":false},"featured_media":12171,"comment_status":"closed","ping_status":"closed","template":"","meta":{"_acf_changed":false},"product_brand":[],"product_cat":[55,39,42,44],"product_tag":[],"class_list":{"0":"post-12144","1":"product","2":"type-product","3":"status-publish","4":"has-post-thumbnail","6":"product_cat-torebki","7":"product_cat-duze-torebki","8":"product_cat-torebki-mieszczace-laptop","9":"product_cat-torebki-zamszowe","11":"first","12":"instock","13":"shipping-taxable","14":"purchasable","15":"product-type-variable","swatches":"rey-swatches","show_selected":"","stretch_labels":"rey-swatches--stretch-labels"},"acf":[],"yoast_head":"<!-- This site is optimized with the Yoast SEO plugin v27.3 - https:\/\/yoast.com\/product\/yoast-seo-wordpress\/ -->\n<title>Torebka FRIDA - Hollie Warsaw<\/title>\n<meta name=\"description\" content=\"Bardzo pojemna, zamszowa torebka w kolorze jasnego br\u0105zu. Mie\u015bci laptop i format A4. Torebka zapinana na metalowy zamek, w \u015brodku 2 kieszonki i podszewka.\" \/>\n<meta name=\"robots\" content=\"index, follow, max-snippet:-1, max-image-preview:large, max-video-preview:-1\" \/>\n<link rel=\"canonical\" href=\"https:\/\/hollie.pl\/en\/product\/torebka-frida\/\" \/>\n<meta property=\"og:locale\" content=\"en_GB\" \/>\n<meta property=\"og:type\" content=\"article\" \/>\n<meta property=\"og:title\" content=\"Torebka FRIDA - Hollie Warsaw\" \/>\n<meta property=\"og:description\" content=\"Bardzo pojemna, zamszowa torebka w kolorze jasnego br\u0105zu. Mie\u015bci laptop i format A4. Torebka zapinana na metalowy zamek, w \u015brodku 2 kieszonki i podszewka.\" \/>\n<meta property=\"og:url\" content=\"https:\/\/hollie.pl\/en\/product\/torebka-frida\/\" \/>\n<meta property=\"og:site_name\" content=\"Hollie Warsaw\" \/>\n<meta property=\"article:modified_time\" content=\"2026-04-04T15:04:06+00:00\" \/>\n<meta property=\"og:image\" content=\"https:\/\/hollie.pl\/wp-content\/uploads\/2026\/02\/duza_zamszpwa_torebka_brazowa_frida_hollie_warsaw.png\" \/>\n\t<meta property=\"og:image:width\" content=\"2048\" \/>\n\t<meta property=\"og:image:height\" content=\"2048\" \/>\n\t<meta property=\"og:image:type\" content=\"image\/png\" \/>\n<meta name=\"twitter:card\" content=\"summary_large_image\" \/>\n<meta name=\"twitter:label1\" content=\"Estimated reading time\" \/>\n\t<meta name=\"twitter:data1\" content=\"1 minute\" \/>\n<script type=\"application\/ld+json\" class=\"yoast-schema-graph\">{\"@context\":\"https:\\\/\\\/schema.org\",\"@graph\":[{\"@type\":\"WebPage\",\"@id\":\"https:\\\/\\\/hollie.pl\\\/produkt\\\/torebka-frida\\\/\",\"url\":\"https:\\\/\\\/hollie.pl\\\/produkt\\\/torebka-frida\\\/\",\"name\":\"Torebka FRIDA - Hollie Warsaw\",\"isPartOf\":{\"@id\":\"https:\\\/\\\/hollie.pl\\\/#website\"},\"primaryImageOfPage\":{\"@id\":\"https:\\\/\\\/hollie.pl\\\/produkt\\\/torebka-frida\\\/#primaryimage\"},\"image\":{\"@id\":\"https:\\\/\\\/hollie.pl\\\/produkt\\\/torebka-frida\\\/#primaryimage\"},\"thumbnailUrl\":\"https:\\\/\\\/hollie.pl\\\/wp-content\\\/uploads\\\/2026\\\/02\\\/duza_zamszpwa_torebka_brazowa_frida_hollie_warsaw.png\",\"datePublished\":\"2026-02-13T15:05:38+00:00\",\"dateModified\":\"2026-04-04T15:04:06+00:00\",\"description\":\"Bardzo pojemna, zamszowa torebka w kolorze jasnego br\u0105zu. Mie\u015bci laptop i format A4. Torebka zapinana na metalowy zamek, w \u015brodku 2 kieszonki i podszewka.\",\"breadcrumb\":{\"@id\":\"https:\\\/\\\/hollie.pl\\\/produkt\\\/torebka-frida\\\/#breadcrumb\"},\"inLanguage\":\"en-GB\",\"potentialAction\":[{\"@type\":\"ReadAction\",\"target\":[\"https:\\\/\\\/hollie.pl\\\/produkt\\\/torebka-frida\\\/\"]}]},{\"@type\":\"ImageObject\",\"inLanguage\":\"en-GB\",\"@id\":\"https:\\\/\\\/hollie.pl\\\/produkt\\\/torebka-frida\\\/#primaryimage\",\"url\":\"https:\\\/\\\/hollie.pl\\\/wp-content\\\/uploads\\\/2026\\\/02\\\/duza_zamszpwa_torebka_brazowa_frida_hollie_warsaw.png\",\"contentUrl\":\"https:\\\/\\\/hollie.pl\\\/wp-content\\\/uploads\\\/2026\\\/02\\\/duza_zamszpwa_torebka_brazowa_frida_hollie_warsaw.png\",\"width\":2048,\"height\":2048},{\"@type\":\"BreadcrumbList\",\"@id\":\"https:\\\/\\\/hollie.pl\\\/produkt\\\/torebka-frida\\\/#breadcrumb\",\"itemListElement\":[{\"@type\":\"ListItem\",\"position\":1,\"name\":\"Strona g\u0142\u00f3wna\",\"item\":\"https:\\\/\\\/hollie.pl\\\/\"},{\"@type\":\"ListItem\",\"position\":2,\"name\":\"Sklep\",\"item\":\"https:\\\/\\\/hollie.pl\\\/sklep\\\/\"},{\"@type\":\"ListItem\",\"position\":3,\"name\":\"Torebka FRIDA\"}]},{\"@type\":\"WebSite\",\"@id\":\"https:\\\/\\\/hollie.pl\\\/#website\",\"url\":\"https:\\\/\\\/hollie.pl\\\/\",\"name\":\"Hollie Warsaw\",\"description\":\"torebki damskie i akcesoria | torebka damska\",\"publisher\":{\"@id\":\"https:\\\/\\\/hollie.pl\\\/#organization\"},\"potentialAction\":[{\"@type\":\"SearchAction\",\"target\":{\"@type\":\"EntryPoint\",\"urlTemplate\":\"https:\\\/\\\/hollie.pl\\\/?s={search_term_string}\"},\"query-input\":{\"@type\":\"PropertyValueSpecification\",\"valueRequired\":true,\"valueName\":\"search_term_string\"}}],\"inLanguage\":\"en-GB\"},{\"@type\":\"Organization\",\"@id\":\"https:\\\/\\\/hollie.pl\\\/#organization\",\"name\":\"Hollie Warsaw\",\"url\":\"https:\\\/\\\/hollie.pl\\\/\",\"logo\":{\"@type\":\"ImageObject\",\"inLanguage\":\"en-GB\",\"@id\":\"https:\\\/\\\/hollie.pl\\\/#\\\/schema\\\/logo\\\/image\\\/\",\"url\":\"https:\\\/\\\/hollie.pl\\\/wp-content\\\/uploads\\\/2025\\\/02\\\/HollieWarsaw-Logo.svg\",\"contentUrl\":\"https:\\\/\\\/hollie.pl\\\/wp-content\\\/uploads\\\/2025\\\/02\\\/HollieWarsaw-Logo.svg\",\"width\":252,\"height\":81,\"caption\":\"Hollie Warsaw\"},\"image\":{\"@id\":\"https:\\\/\\\/hollie.pl\\\/#\\\/schema\\\/logo\\\/image\\\/\"},\"sameAs\":[\"https:\\\/\\\/www.instagram.com\\\/hollie.warsaw\"]}]}<\/script>\n<!-- \/ Yoast SEO plugin. -->","yoast_head_json":{"title":"Torebka FRIDA - Hollie Warsaw","description":"Bardzo pojemna, zamszowa torebka w kolorze jasnego br\u0105zu. Mie\u015bci laptop i format A4. Torebka zapinana na metalowy zamek, w \u015brodku 2 kieszonki i podszewka.","robots":{"index":"index","follow":"follow","max-snippet":"max-snippet:-1","max-image-preview":"max-image-preview:large","max-video-preview":"max-video-preview:-1"},"canonical":"https:\/\/hollie.pl\/en\/product\/torebka-frida\/","og_locale":"en_GB","og_type":"article","og_title":"Torebka FRIDA - Hollie Warsaw","og_description":"Bardzo pojemna, zamszowa torebka w kolorze jasnego br\u0105zu. Mie\u015bci laptop i format A4. Torebka zapinana na metalowy zamek, w \u015brodku 2 kieszonki i podszewka.","og_url":"https:\/\/hollie.pl\/en\/product\/torebka-frida\/","og_site_name":"Hollie Warsaw","article_modified_time":"2026-04-04T15:04:06+00:00","og_image":[{"width":2048,"height":2048,"url":"https:\/\/hollie.pl\/wp-content\/uploads\/2026\/02\/duza_zamszpwa_torebka_brazowa_frida_hollie_warsaw.png","type":"image\/png"}],"twitter_card":"summary_large_image","twitter_misc":{"Estimated reading time":"1 minute"},"schema":{"@context":"https:\/\/schema.org","@graph":[{"@type":"WebPage","@id":"https:\/\/hollie.pl\/produkt\/torebka-frida\/","url":"https:\/\/hollie.pl\/produkt\/torebka-frida\/","name":"Torebka FRIDA - Hollie Warsaw","isPartOf":{"@id":"https:\/\/hollie.pl\/#website"},"primaryImageOfPage":{"@id":"https:\/\/hollie.pl\/produkt\/torebka-frida\/#primaryimage"},"image":{"@id":"https:\/\/hollie.pl\/produkt\/torebka-frida\/#primaryimage"},"thumbnailUrl":"https:\/\/hollie.pl\/wp-content\/uploads\/2026\/02\/duza_zamszpwa_torebka_brazowa_frida_hollie_warsaw.png","datePublished":"2026-02-13T15:05:38+00:00","dateModified":"2026-04-04T15:04:06+00:00","description":"Bardzo pojemna, zamszowa torebka w kolorze jasnego br\u0105zu. Mie\u015bci laptop i format A4. Torebka zapinana na metalowy zamek, w \u015brodku 2 kieszonki i podszewka.","breadcrumb":{"@id":"https:\/\/hollie.pl\/produkt\/torebka-frida\/#breadcrumb"},"inLanguage":"en-GB","potentialAction":[{"@type":"ReadAction","target":["https:\/\/hollie.pl\/produkt\/torebka-frida\/"]}]},{"@type":"ImageObject","inLanguage":"en-GB","@id":"https:\/\/hollie.pl\/produkt\/torebka-frida\/#primaryimage","url":"https:\/\/hollie.pl\/wp-content\/uploads\/2026\/02\/duza_zamszpwa_torebka_brazowa_frida_hollie_warsaw.png","contentUrl":"https:\/\/hollie.pl\/wp-content\/uploads\/2026\/02\/duza_zamszpwa_torebka_brazowa_frida_hollie_warsaw.png","width":2048,"height":2048},{"@type":"BreadcrumbList","@id":"https:\/\/hollie.pl\/produkt\/torebka-frida\/#breadcrumb","itemListElement":[{"@type":"ListItem","position":1,"name":"Strona g\u0142\u00f3wna","item":"https:\/\/hollie.pl\/"},{"@type":"ListItem","position":2,"name":"Sklep","item":"https:\/\/hollie.pl\/sklep\/"},{"@type":"ListItem","position":3,"name":"Torebka FRIDA"}]},{"@type":"WebSite","@id":"https:\/\/hollie.pl\/#website","url":"https:\/\/hollie.pl\/","name":"Hollie Warsaw","description":"torebki damskie i akcesoria | torebka damska","publisher":{"@id":"https:\/\/hollie.pl\/#organization"},"potentialAction":[{"@type":"SearchAction","target":{"@type":"EntryPoint","urlTemplate":"https:\/\/hollie.pl\/?s={search_term_string}"},"query-input":{"@type":"PropertyValueSpecification","valueRequired":true,"valueName":"search_term_string"}}],"inLanguage":"en-GB"},{"@type":"Organization","@id":"https:\/\/hollie.pl\/#organization","name":"Hollie Warsaw","url":"https:\/\/hollie.pl\/","logo":{"@type":"ImageObject","inLanguage":"en-GB","@id":"https:\/\/hollie.pl\/#\/schema\/logo\/image\/","url":"https:\/\/hollie.pl\/wp-content\/uploads\/2025\/02\/HollieWarsaw-Logo.svg","contentUrl":"https:\/\/hollie.pl\/wp-content\/uploads\/2025\/02\/HollieWarsaw-Logo.svg","width":252,"height":81,"caption":"Hollie Warsaw"},"image":{"@id":"https:\/\/hollie.pl\/#\/schema\/logo\/image\/"},"sameAs":["https:\/\/www.instagram.com\/hollie.warsaw"]}]}},"_links":{"self":[{"href":"https:\/\/hollie.pl\/en\/wp-json\/wp\/v2\/product\/12144","targetHints":{"allow":["GET"]}}],"collection":[{"href":"https:\/\/hollie.pl\/en\/wp-json\/wp\/v2\/product"}],"about":[{"href":"https:\/\/hollie.pl\/en\/wp-json\/wp\/v2\/types\/product"}],"replies":[{"embeddable":true,"href":"https:\/\/hollie.pl\/en\/wp-json\/wp\/v2\/comments?post=12144"}],"wp:featuredmedia":[{"embeddable":true,"href":"https:\/\/hollie.pl\/en\/wp-json\/wp\/v2\/media\/12171"}],"wp:attachment":[{"href":"https:\/\/hollie.pl\/en\/wp-json\/wp\/v2\/media?parent=12144"}],"wp:term":[{"taxonomy":"product_brand","embeddable":true,"href":"https:\/\/hollie.pl\/en\/wp-json\/wp\/v2\/product_brand?post=12144"},{"taxonomy":"product_cat","embeddable":true,"href":"https:\/\/hollie.pl\/en\/wp-json\/wp\/v2\/product_cat?post=12144"},{"taxonomy":"product_tag","embeddable":true,"href":"https:\/\/hollie.pl\/en\/wp-json\/wp\/v2\/product_tag?post=12144"}],"curies":[{"name":"wp","href":"https:\/\/api.w.org\/{rel}","templated":true}]}}