{"id":11146,"date":"2026-01-16T14:19:49","date_gmt":"2026-01-16T13:19:49","guid":{"rendered":"https:\/\/hollie.pl\/?post_type=product&#038;p=11146"},"modified":"2026-04-14T16:09:32","modified_gmt":"2026-04-14T14:09:32","slug":"linda","status":"publish","type":"product","link":"https:\/\/hollie.pl\/en\/product\/linda\/","title":{"rendered":"Handbag LINDA"},"content":{"rendered":"<p>100% w\u0142oska sk\u00f3ra licowa lub zamszowa \u00a0impregnowana (w zale\u017cno\u015bci od wariantu). Z\u0142ote okucia. Torebka szyta w Polsce.<\/p>\n<p><strong>Size<\/strong><\/p>\n<p>szeroko\u015b\u0107 42 cm<\/p>\n<p>height 37 cm<\/p>\n<p>wysoko\u015b\u0107 od \u015brodka torebki do spodu 22 cm<\/p>\n<p>depth 13 cm<\/p>\n<p>d\u0142ugo\u015b\u0107 r\u0105czki: 30 cm<\/p>","protected":false},"excerpt":{"rendered":"<p>LINDA to bardzo pojemna torebka wykonana z w\u0142oskiej sk\u00f3ry (w zale\u017cno\u015bci od wariantu: sk\u00f3ra licowa bydl\u0119ca lub impregnowany zamsz odporny na wilgo\u0107 oraz zabrudzenia). Torebka zapinana jest na z\u0142oty zamek. Wewn\u0105trz znajduj\u0105 si\u0119 dwie kieszonki w tym jedna na zamek. Torebka jest bardzo lekka i bardzo wygodnie nosi si\u0119 ja na ramieniu. \u015arodek wyko\u0144czony jest czarn\u0105, eleganck\u0105 podszewk\u0105. W zestawie odpinana zawieszka w formie kuleczki z naszym logo. Z przodu wybite z\u0142ote logo. LINDA to niezwyk\u0142a torebka, kt\u00f3ra pomie\u015bci wszystkie potrzebne rzeczy takie jak iPad, format A5, telefon, kosmetyczk\u0119, notes, butelk\u0119 wody, parasol, iPad etc.<\/p>","protected":false},"featured_media":11159,"comment_status":"closed","ping_status":"closed","template":"","meta":{"_acf_changed":false},"product_brand":[],"product_cat":[55,40,44],"product_tag":[],"class_list":{"0":"post-11146","1":"product","2":"type-product","3":"status-publish","4":"has-post-thumbnail","6":"product_cat-torebki","7":"product_cat-srednie-torebki","8":"product_cat-torebki-zamszowe","10":"first","11":"instock","12":"shipping-taxable","13":"purchasable","14":"product-type-variable","swatches":"rey-swatches","show_selected":"","stretch_labels":"rey-swatches--stretch-labels"},"acf":[],"yoast_head":"<!-- This site is optimized with the Yoast SEO plugin v27.3 - https:\/\/yoast.com\/product\/yoast-seo-wordpress\/ -->\n<title>Torebka LINDA - Hollie Warsaw<\/title>\n<meta name=\"description\" content=\"Bardzo pojemna, zamszowa torebka w kolorze ciemnego br\u0105zu. Mie\u015bci laptop i format A4. Torebka zapinana na metalowy zamek, w \u015brodku 2 kieszonki i podszewka.\" \/>\n<meta name=\"robots\" content=\"index, follow, max-snippet:-1, max-image-preview:large, max-video-preview:-1\" \/>\n<link rel=\"canonical\" href=\"https:\/\/hollie.pl\/en\/product\/linda\/\" \/>\n<meta property=\"og:locale\" content=\"en_GB\" \/>\n<meta property=\"og:type\" content=\"article\" \/>\n<meta property=\"og:title\" content=\"Torebka LINDA - Hollie Warsaw\" \/>\n<meta property=\"og:description\" content=\"Bardzo pojemna, zamszowa torebka w kolorze ciemnego br\u0105zu. Mie\u015bci laptop i format A4. Torebka zapinana na metalowy zamek, w \u015brodku 2 kieszonki i podszewka.\" \/>\n<meta property=\"og:url\" content=\"https:\/\/hollie.pl\/en\/product\/linda\/\" \/>\n<meta property=\"og:site_name\" content=\"Hollie Warsaw\" \/>\n<meta property=\"article:modified_time\" content=\"2026-04-14T14:09:32+00:00\" \/>\n<meta property=\"og:image\" content=\"https:\/\/hollie.pl\/wp-content\/uploads\/2026\/01\/zamszowa_torebka_brazowa_londa_hollie_warsaw.png\" \/>\n\t<meta property=\"og:image:width\" content=\"2048\" \/>\n\t<meta property=\"og:image:height\" content=\"2048\" \/>\n\t<meta property=\"og:image:type\" content=\"image\/png\" \/>\n<meta name=\"twitter:card\" content=\"summary_large_image\" \/>\n<meta name=\"twitter:label1\" content=\"Estimated reading time\" \/>\n\t<meta name=\"twitter:data1\" content=\"1 minute\" \/>\n<script type=\"application\/ld+json\" class=\"yoast-schema-graph\">{\"@context\":\"https:\\\/\\\/schema.org\",\"@graph\":[{\"@type\":\"WebPage\",\"@id\":\"https:\\\/\\\/hollie.pl\\\/produkt\\\/linda\\\/\",\"url\":\"https:\\\/\\\/hollie.pl\\\/produkt\\\/linda\\\/\",\"name\":\"Torebka LINDA - Hollie Warsaw\",\"isPartOf\":{\"@id\":\"https:\\\/\\\/hollie.pl\\\/#website\"},\"primaryImageOfPage\":{\"@id\":\"https:\\\/\\\/hollie.pl\\\/produkt\\\/linda\\\/#primaryimage\"},\"image\":{\"@id\":\"https:\\\/\\\/hollie.pl\\\/produkt\\\/linda\\\/#primaryimage\"},\"thumbnailUrl\":\"https:\\\/\\\/hollie.pl\\\/wp-content\\\/uploads\\\/2026\\\/01\\\/zamszowa_torebka_brazowa_londa_hollie_warsaw.png\",\"datePublished\":\"2026-01-16T13:19:49+00:00\",\"dateModified\":\"2026-04-14T14:09:32+00:00\",\"description\":\"Bardzo pojemna, zamszowa torebka w kolorze ciemnego br\u0105zu. Mie\u015bci laptop i format A4. Torebka zapinana na metalowy zamek, w \u015brodku 2 kieszonki i podszewka.\",\"breadcrumb\":{\"@id\":\"https:\\\/\\\/hollie.pl\\\/produkt\\\/linda\\\/#breadcrumb\"},\"inLanguage\":\"en-GB\",\"potentialAction\":[{\"@type\":\"ReadAction\",\"target\":[\"https:\\\/\\\/hollie.pl\\\/produkt\\\/linda\\\/\"]}]},{\"@type\":\"ImageObject\",\"inLanguage\":\"en-GB\",\"@id\":\"https:\\\/\\\/hollie.pl\\\/produkt\\\/linda\\\/#primaryimage\",\"url\":\"https:\\\/\\\/hollie.pl\\\/wp-content\\\/uploads\\\/2026\\\/01\\\/zamszowa_torebka_brazowa_londa_hollie_warsaw.png\",\"contentUrl\":\"https:\\\/\\\/hollie.pl\\\/wp-content\\\/uploads\\\/2026\\\/01\\\/zamszowa_torebka_brazowa_londa_hollie_warsaw.png\",\"width\":2048,\"height\":2048},{\"@type\":\"BreadcrumbList\",\"@id\":\"https:\\\/\\\/hollie.pl\\\/produkt\\\/linda\\\/#breadcrumb\",\"itemListElement\":[{\"@type\":\"ListItem\",\"position\":1,\"name\":\"Strona g\u0142\u00f3wna\",\"item\":\"https:\\\/\\\/hollie.pl\\\/\"},{\"@type\":\"ListItem\",\"position\":2,\"name\":\"Sklep\",\"item\":\"https:\\\/\\\/hollie.pl\\\/sklep\\\/\"},{\"@type\":\"ListItem\",\"position\":3,\"name\":\"Torebka LINDA\"}]},{\"@type\":\"WebSite\",\"@id\":\"https:\\\/\\\/hollie.pl\\\/#website\",\"url\":\"https:\\\/\\\/hollie.pl\\\/\",\"name\":\"Hollie Warsaw\",\"description\":\"torebki damskie i akcesoria | torebka damska\",\"publisher\":{\"@id\":\"https:\\\/\\\/hollie.pl\\\/#organization\"},\"potentialAction\":[{\"@type\":\"SearchAction\",\"target\":{\"@type\":\"EntryPoint\",\"urlTemplate\":\"https:\\\/\\\/hollie.pl\\\/?s={search_term_string}\"},\"query-input\":{\"@type\":\"PropertyValueSpecification\",\"valueRequired\":true,\"valueName\":\"search_term_string\"}}],\"inLanguage\":\"en-GB\"},{\"@type\":\"Organization\",\"@id\":\"https:\\\/\\\/hollie.pl\\\/#organization\",\"name\":\"Hollie Warsaw\",\"url\":\"https:\\\/\\\/hollie.pl\\\/\",\"logo\":{\"@type\":\"ImageObject\",\"inLanguage\":\"en-GB\",\"@id\":\"https:\\\/\\\/hollie.pl\\\/#\\\/schema\\\/logo\\\/image\\\/\",\"url\":\"https:\\\/\\\/hollie.pl\\\/wp-content\\\/uploads\\\/2025\\\/02\\\/HollieWarsaw-Logo.svg\",\"contentUrl\":\"https:\\\/\\\/hollie.pl\\\/wp-content\\\/uploads\\\/2025\\\/02\\\/HollieWarsaw-Logo.svg\",\"width\":252,\"height\":81,\"caption\":\"Hollie Warsaw\"},\"image\":{\"@id\":\"https:\\\/\\\/hollie.pl\\\/#\\\/schema\\\/logo\\\/image\\\/\"},\"sameAs\":[\"https:\\\/\\\/www.instagram.com\\\/hollie.warsaw\"]}]}<\/script>\n<!-- \/ Yoast SEO plugin. -->","yoast_head_json":{"title":"Torebka LINDA - Hollie Warsaw","description":"Bardzo pojemna, zamszowa torebka w kolorze ciemnego br\u0105zu. Mie\u015bci laptop i format A4. Torebka zapinana na metalowy zamek, w \u015brodku 2 kieszonki i podszewka.","robots":{"index":"index","follow":"follow","max-snippet":"max-snippet:-1","max-image-preview":"max-image-preview:large","max-video-preview":"max-video-preview:-1"},"canonical":"https:\/\/hollie.pl\/en\/product\/linda\/","og_locale":"en_GB","og_type":"article","og_title":"Torebka LINDA - Hollie Warsaw","og_description":"Bardzo pojemna, zamszowa torebka w kolorze ciemnego br\u0105zu. Mie\u015bci laptop i format A4. Torebka zapinana na metalowy zamek, w \u015brodku 2 kieszonki i podszewka.","og_url":"https:\/\/hollie.pl\/en\/product\/linda\/","og_site_name":"Hollie Warsaw","article_modified_time":"2026-04-14T14:09:32+00:00","og_image":[{"width":2048,"height":2048,"url":"https:\/\/hollie.pl\/wp-content\/uploads\/2026\/01\/zamszowa_torebka_brazowa_londa_hollie_warsaw.png","type":"image\/png"}],"twitter_card":"summary_large_image","twitter_misc":{"Estimated reading time":"1 minute"},"schema":{"@context":"https:\/\/schema.org","@graph":[{"@type":"WebPage","@id":"https:\/\/hollie.pl\/produkt\/linda\/","url":"https:\/\/hollie.pl\/produkt\/linda\/","name":"Torebka LINDA - Hollie Warsaw","isPartOf":{"@id":"https:\/\/hollie.pl\/#website"},"primaryImageOfPage":{"@id":"https:\/\/hollie.pl\/produkt\/linda\/#primaryimage"},"image":{"@id":"https:\/\/hollie.pl\/produkt\/linda\/#primaryimage"},"thumbnailUrl":"https:\/\/hollie.pl\/wp-content\/uploads\/2026\/01\/zamszowa_torebka_brazowa_londa_hollie_warsaw.png","datePublished":"2026-01-16T13:19:49+00:00","dateModified":"2026-04-14T14:09:32+00:00","description":"Bardzo pojemna, zamszowa torebka w kolorze ciemnego br\u0105zu. Mie\u015bci laptop i format A4. Torebka zapinana na metalowy zamek, w \u015brodku 2 kieszonki i podszewka.","breadcrumb":{"@id":"https:\/\/hollie.pl\/produkt\/linda\/#breadcrumb"},"inLanguage":"en-GB","potentialAction":[{"@type":"ReadAction","target":["https:\/\/hollie.pl\/produkt\/linda\/"]}]},{"@type":"ImageObject","inLanguage":"en-GB","@id":"https:\/\/hollie.pl\/produkt\/linda\/#primaryimage","url":"https:\/\/hollie.pl\/wp-content\/uploads\/2026\/01\/zamszowa_torebka_brazowa_londa_hollie_warsaw.png","contentUrl":"https:\/\/hollie.pl\/wp-content\/uploads\/2026\/01\/zamszowa_torebka_brazowa_londa_hollie_warsaw.png","width":2048,"height":2048},{"@type":"BreadcrumbList","@id":"https:\/\/hollie.pl\/produkt\/linda\/#breadcrumb","itemListElement":[{"@type":"ListItem","position":1,"name":"Strona g\u0142\u00f3wna","item":"https:\/\/hollie.pl\/"},{"@type":"ListItem","position":2,"name":"Sklep","item":"https:\/\/hollie.pl\/sklep\/"},{"@type":"ListItem","position":3,"name":"Torebka LINDA"}]},{"@type":"WebSite","@id":"https:\/\/hollie.pl\/#website","url":"https:\/\/hollie.pl\/","name":"Hollie Warsaw","description":"torebki damskie i akcesoria | torebka damska","publisher":{"@id":"https:\/\/hollie.pl\/#organization"},"potentialAction":[{"@type":"SearchAction","target":{"@type":"EntryPoint","urlTemplate":"https:\/\/hollie.pl\/?s={search_term_string}"},"query-input":{"@type":"PropertyValueSpecification","valueRequired":true,"valueName":"search_term_string"}}],"inLanguage":"en-GB"},{"@type":"Organization","@id":"https:\/\/hollie.pl\/#organization","name":"Hollie Warsaw","url":"https:\/\/hollie.pl\/","logo":{"@type":"ImageObject","inLanguage":"en-GB","@id":"https:\/\/hollie.pl\/#\/schema\/logo\/image\/","url":"https:\/\/hollie.pl\/wp-content\/uploads\/2025\/02\/HollieWarsaw-Logo.svg","contentUrl":"https:\/\/hollie.pl\/wp-content\/uploads\/2025\/02\/HollieWarsaw-Logo.svg","width":252,"height":81,"caption":"Hollie Warsaw"},"image":{"@id":"https:\/\/hollie.pl\/#\/schema\/logo\/image\/"},"sameAs":["https:\/\/www.instagram.com\/hollie.warsaw"]}]}},"_links":{"self":[{"href":"https:\/\/hollie.pl\/en\/wp-json\/wp\/v2\/product\/11146","targetHints":{"allow":["GET"]}}],"collection":[{"href":"https:\/\/hollie.pl\/en\/wp-json\/wp\/v2\/product"}],"about":[{"href":"https:\/\/hollie.pl\/en\/wp-json\/wp\/v2\/types\/product"}],"replies":[{"embeddable":true,"href":"https:\/\/hollie.pl\/en\/wp-json\/wp\/v2\/comments?post=11146"}],"wp:featuredmedia":[{"embeddable":true,"href":"https:\/\/hollie.pl\/en\/wp-json\/wp\/v2\/media\/11159"}],"wp:attachment":[{"href":"https:\/\/hollie.pl\/en\/wp-json\/wp\/v2\/media?parent=11146"}],"wp:term":[{"taxonomy":"product_brand","embeddable":true,"href":"https:\/\/hollie.pl\/en\/wp-json\/wp\/v2\/product_brand?post=11146"},{"taxonomy":"product_cat","embeddable":true,"href":"https:\/\/hollie.pl\/en\/wp-json\/wp\/v2\/product_cat?post=11146"},{"taxonomy":"product_tag","embeddable":true,"href":"https:\/\/hollie.pl\/en\/wp-json\/wp\/v2\/product_tag?post=11146"}],"curies":[{"name":"wp","href":"https:\/\/api.w.org\/{rel}","templated":true}]}}