{"id":746,"date":"2025-03-03T13:40:34","date_gmt":"2025-03-03T12:40:34","guid":{"rendered":"https:\/\/hollie.pl\/?page_id=746"},"modified":"2025-03-18T14:35:16","modified_gmt":"2025-03-18T13:35:16","slug":"klarna","status":"publish","type":"page","link":"https:\/\/hollie.pl\/en\/klarna\/","title":{"rendered":"Klarna Payments"},"content":{"rendered":"<div data-elementor-type=\"wp-page\" data-elementor-id=\"746\" class=\"elementor elementor-746\">\n\t\t\t\t\t\t<section class=\"elementor-section elementor-top-section elementor-element elementor-element-447c8ca9 elementor-section-content-middle elementor-section-boxed elementor-section-height-default elementor-section-height-default\" data-id=\"447c8ca9\" data-element_type=\"section\" data-e-type=\"section\">\n\t\t\t\t\t\t<div class=\"elementor-container elementor-column-gap-no\">\n\t\t\t\t\t<div class=\"elementor-column elementor-col-100 elementor-top-column elementor-element elementor-element-491c9f0f\" data-id=\"491c9f0f\" data-element_type=\"column\" data-e-type=\"column\">\n\t\t\t<div class=\"elementor-column-wrap--491c9f0f elementor-widget-wrap elementor-element-populated\">\n\t\t\t\t\t\t<div class=\"elementor-element elementor-element-64dee187 elementor-widget elementor-widget-heading\" data-id=\"64dee187\" data-element_type=\"widget\" data-e-type=\"widget\" data-widget_type=\"heading.default\">\n\t\t\t\t<div class=\"elementor-widget-container\">\n\t\t\t\t\t<h2 class=\"elementor-heading-title elementor-size-default\">Klarna Payments<\/h2>\t\t\t\t<\/div>\n\t\t\t\t<\/div>\n\t\t\t\t\t<\/div>\n\t\t<\/div>\n\t\t\t\t\t<\/div>\n\t\t<\/section>\n\t\t<div class=\"e-con-top elementor-element elementor-element-8417367 e-flex e-con-boxed e-con e-parent\" data-id=\"8417367\" data-element_type=\"container\" data-e-type=\"container\">\n\t\t\t\t\t<div class=\"e-con-inner\">\n\t\t<div class=\"elementor-element elementor-element-73d3c4d e-con-full e-flex e-con e-child\" data-id=\"73d3c4d\" data-element_type=\"container\" data-e-type=\"container\">\n\t\t\t\t<div class=\"elementor-element elementor-element-0991357 elementor-widget elementor-widget-image\" data-id=\"0991357\" data-element_type=\"widget\" data-e-type=\"widget\" data-widget_type=\"image.default\">\n\t\t\t\t<div class=\"elementor-widget-container\">\n\t\t\t\t\t\t\t\t\t\t\t\t\t\t\t<img decoding=\"async\" width=\"161\" height=\"107\" src=\"https:\/\/hollie.pl\/wp-content\/uploads\/2025\/03\/Klarna-Logo_wine.avif\" class=\"attachment-large size-large wp-image-748\" alt=\"Klarna\" \/>\t\t\t\t\t\t\t\t\t\t\t\t\t\t\t<\/div>\n\t\t\t\t<\/div>\n\t\t\t\t<\/div>\n\t\t<div class=\"elementor-element elementor-element-aeeee3b e-con-full e-flex e-con e-child\" data-id=\"aeeee3b\" data-element_type=\"container\" data-e-type=\"container\">\n\t\t\t\t<div class=\"elementor-element elementor-element-8027f96 elementor-widget elementor-widget-text-editor\" data-id=\"8027f96\" data-element_type=\"widget\" data-e-type=\"widget\" data-widget_type=\"text-editor.default\">\n\t\t\t\t<div class=\"elementor-widget-container\">\n\t\t\t\t\t\t\t\t\t<p><strong>Buy now and pay in 30 days!<\/strong><\/p><p>Take advantage of KLARNA's deferred payment option.<\/p><p>\u00a0<\/p><p><strong>How does it work?<\/strong><\/p><p>You choose the products you want to buy and at the payment stage for your order, you select the \"payment with KLARNA\" option. In a few simple steps, you finalize your order. We immediately send you the order and you make the payment within 30 days of purchase via the KLARNA portal.<\/p><p>\u200bYou can find more information here <a href=\"https:\/\/www.klarna.com\/\" target=\"_blank\" rel=\"noopener\">https:\/\/www.klarna.com\/<\/a><\/p>\t\t\t\t\t\t\t\t<\/div>\n\t\t\t\t<\/div>\n\t\t\t\t<\/div>\n\t\t\t\t\t<\/div>\n\t\t\t\t<\/div>\n\t\t\t\t<\/div>","protected":false},"excerpt":{"rendered":"<p>P\u0142atno\u015bci Klarna Kup teraz i zap\u0142a\u0107 za 30 dni!\u200b Skorzystaj z opcji p\u0142atno\u015bci odroczonej KLARNA. \u00a0 Jak to dzia\u0142a?\u200b Wybierasz produkty, kt\u00f3re chcesz kupi\u0107 i na etapie p\u0142atno\u015bci za zam\u00f3wienie wybierasz opcj\u0119 &#8220;p\u0142atno\u015b\u0107 z KLARNA&#8221;. [&hellip;]<\/p>\n","protected":false},"author":1,"featured_media":0,"parent":0,"menu_order":0,"comment_status":"closed","ping_status":"closed","template":"template-builder.php","meta":{"_acf_changed":false,"footnotes":""},"class_list":["post-746","page","type-page","status-publish","hentry"],"acf":[],"yoast_head":"<!-- This site is optimized with the Yoast SEO plugin v27.4 - https:\/\/yoast.com\/product\/yoast-seo-wordpress\/ -->\n<title>P\u0142atno\u015bci Klarna - Hollie Warsaw<\/title>\n<meta name=\"robots\" content=\"index, follow, max-snippet:-1, max-image-preview:large, max-video-preview:-1\" \/>\n<link rel=\"canonical\" href=\"https:\/\/hollie.pl\/en\/klarna\/\" \/>\n<meta property=\"og:locale\" content=\"en_GB\" \/>\n<meta property=\"og:type\" content=\"article\" \/>\n<meta property=\"og:title\" content=\"P\u0142atno\u015bci Klarna - Hollie Warsaw\" \/>\n<meta property=\"og:description\" content=\"P\u0142atno\u015bci Klarna Kup teraz i zap\u0142a\u0107 za 30 dni!\u200b Skorzystaj z opcji p\u0142atno\u015bci odroczonej KLARNA. \u00a0 Jak to dzia\u0142a?\u200b Wybierasz produkty, kt\u00f3re chcesz kupi\u0107 i na etapie p\u0142atno\u015bci za zam\u00f3wienie wybierasz opcj\u0119 &#8220;p\u0142atno\u015b\u0107 z KLARNA&#8221;. [&hellip;]\" \/>\n<meta property=\"og:url\" content=\"https:\/\/hollie.pl\/en\/klarna\/\" \/>\n<meta property=\"og:site_name\" content=\"Hollie Warsaw\" \/>\n<meta property=\"article:modified_time\" content=\"2025-03-18T13:35:16+00:00\" \/>\n<meta property=\"og:image\" content=\"https:\/\/hollie.pl\/wp-content\/uploads\/2025\/03\/Klarna-Logo_wine.avif\" \/>\n<meta name=\"twitter:card\" content=\"summary_large_image\" \/>\n<meta name=\"twitter:label1\" content=\"Estimated reading time\" \/>\n\t<meta name=\"twitter:data1\" content=\"1 minute\" \/>\n<script type=\"application\/ld+json\" class=\"yoast-schema-graph\">{\"@context\":\"https:\\\/\\\/schema.org\",\"@graph\":[{\"@type\":\"WebPage\",\"@id\":\"https:\\\/\\\/hollie.pl\\\/klarna\\\/\",\"url\":\"https:\\\/\\\/hollie.pl\\\/klarna\\\/\",\"name\":\"P\u0142atno\u015bci Klarna - Hollie Warsaw\",\"isPartOf\":{\"@id\":\"https:\\\/\\\/hollie.pl\\\/#website\"},\"primaryImageOfPage\":{\"@id\":\"https:\\\/\\\/hollie.pl\\\/klarna\\\/#primaryimage\"},\"image\":{\"@id\":\"https:\\\/\\\/hollie.pl\\\/klarna\\\/#primaryimage\"},\"thumbnailUrl\":\"https:\\\/\\\/hollie.pl\\\/wp-content\\\/uploads\\\/2025\\\/03\\\/Klarna-Logo_wine.avif\",\"datePublished\":\"2025-03-03T12:40:34+00:00\",\"dateModified\":\"2025-03-18T13:35:16+00:00\",\"breadcrumb\":{\"@id\":\"https:\\\/\\\/hollie.pl\\\/klarna\\\/#breadcrumb\"},\"inLanguage\":\"en-GB\",\"potentialAction\":[{\"@type\":\"ReadAction\",\"target\":[\"https:\\\/\\\/hollie.pl\\\/klarna\\\/\"]}]},{\"@type\":\"ImageObject\",\"inLanguage\":\"en-GB\",\"@id\":\"https:\\\/\\\/hollie.pl\\\/klarna\\\/#primaryimage\",\"url\":\"https:\\\/\\\/hollie.pl\\\/wp-content\\\/uploads\\\/2025\\\/03\\\/Klarna-Logo_wine.avif\",\"contentUrl\":\"https:\\\/\\\/hollie.pl\\\/wp-content\\\/uploads\\\/2025\\\/03\\\/Klarna-Logo_wine.avif\"},{\"@type\":\"BreadcrumbList\",\"@id\":\"https:\\\/\\\/hollie.pl\\\/klarna\\\/#breadcrumb\",\"itemListElement\":[{\"@type\":\"ListItem\",\"position\":1,\"name\":\"Strona g\u0142\u00f3wna\",\"item\":\"https:\\\/\\\/hollie.pl\\\/\"},{\"@type\":\"ListItem\",\"position\":2,\"name\":\"P\u0142atno\u015bci Klarna\"}]},{\"@type\":\"WebSite\",\"@id\":\"https:\\\/\\\/hollie.pl\\\/#website\",\"url\":\"https:\\\/\\\/hollie.pl\\\/\",\"name\":\"Hollie Warsaw\",\"description\":\"torebki damskie i akcesoria | torebka damska\",\"publisher\":{\"@id\":\"https:\\\/\\\/hollie.pl\\\/#organization\"},\"potentialAction\":[{\"@type\":\"SearchAction\",\"target\":{\"@type\":\"EntryPoint\",\"urlTemplate\":\"https:\\\/\\\/hollie.pl\\\/?s={search_term_string}\"},\"query-input\":{\"@type\":\"PropertyValueSpecification\",\"valueRequired\":true,\"valueName\":\"search_term_string\"}}],\"inLanguage\":\"en-GB\"},{\"@type\":\"Organization\",\"@id\":\"https:\\\/\\\/hollie.pl\\\/#organization\",\"name\":\"Hollie Warsaw\",\"url\":\"https:\\\/\\\/hollie.pl\\\/\",\"logo\":{\"@type\":\"ImageObject\",\"inLanguage\":\"en-GB\",\"@id\":\"https:\\\/\\\/hollie.pl\\\/#\\\/schema\\\/logo\\\/image\\\/\",\"url\":\"https:\\\/\\\/hollie.pl\\\/wp-content\\\/uploads\\\/2025\\\/02\\\/HollieWarsaw-Logo.svg\",\"contentUrl\":\"https:\\\/\\\/hollie.pl\\\/wp-content\\\/uploads\\\/2025\\\/02\\\/HollieWarsaw-Logo.svg\",\"width\":252,\"height\":81,\"caption\":\"Hollie Warsaw\"},\"image\":{\"@id\":\"https:\\\/\\\/hollie.pl\\\/#\\\/schema\\\/logo\\\/image\\\/\"},\"sameAs\":[\"https:\\\/\\\/www.instagram.com\\\/hollie.warsaw\"]}]}<\/script>\n<!-- \/ Yoast SEO plugin. -->","yoast_head_json":{"title":"Klarna Payments - Hollie Warsaw","robots":{"index":"index","follow":"follow","max-snippet":"max-snippet:-1","max-image-preview":"max-image-preview:large","max-video-preview":"max-video-preview:-1"},"canonical":"https:\/\/hollie.pl\/en\/klarna\/","og_locale":"en_GB","og_type":"article","og_title":"P\u0142atno\u015bci Klarna - Hollie Warsaw","og_description":"P\u0142atno\u015bci Klarna Kup teraz i zap\u0142a\u0107 za 30 dni!\u200b Skorzystaj z opcji p\u0142atno\u015bci odroczonej KLARNA. \u00a0 Jak to dzia\u0142a?\u200b Wybierasz produkty, kt\u00f3re chcesz kupi\u0107 i na etapie p\u0142atno\u015bci za zam\u00f3wienie wybierasz opcj\u0119 &#8220;p\u0142atno\u015b\u0107 z KLARNA&#8221;. [&hellip;]","og_url":"https:\/\/hollie.pl\/en\/klarna\/","og_site_name":"Hollie Warsaw","article_modified_time":"2025-03-18T13:35:16+00:00","og_image":[{"url":"https:\/\/hollie.pl\/wp-content\/uploads\/2025\/03\/Klarna-Logo_wine.avif","type":"","width":"","height":""}],"twitter_card":"summary_large_image","twitter_misc":{"Estimated reading time":"1 minute"},"schema":{"@context":"https:\/\/schema.org","@graph":[{"@type":"WebPage","@id":"https:\/\/hollie.pl\/klarna\/","url":"https:\/\/hollie.pl\/klarna\/","name":"Klarna Payments - Hollie Warsaw","isPartOf":{"@id":"https:\/\/hollie.pl\/#website"},"primaryImageOfPage":{"@id":"https:\/\/hollie.pl\/klarna\/#primaryimage"},"image":{"@id":"https:\/\/hollie.pl\/klarna\/#primaryimage"},"thumbnailUrl":"https:\/\/hollie.pl\/wp-content\/uploads\/2025\/03\/Klarna-Logo_wine.avif","datePublished":"2025-03-03T12:40:34+00:00","dateModified":"2025-03-18T13:35:16+00:00","breadcrumb":{"@id":"https:\/\/hollie.pl\/klarna\/#breadcrumb"},"inLanguage":"en-GB","potentialAction":[{"@type":"ReadAction","target":["https:\/\/hollie.pl\/klarna\/"]}]},{"@type":"ImageObject","inLanguage":"en-GB","@id":"https:\/\/hollie.pl\/klarna\/#primaryimage","url":"https:\/\/hollie.pl\/wp-content\/uploads\/2025\/03\/Klarna-Logo_wine.avif","contentUrl":"https:\/\/hollie.pl\/wp-content\/uploads\/2025\/03\/Klarna-Logo_wine.avif"},{"@type":"BreadcrumbList","@id":"https:\/\/hollie.pl\/klarna\/#breadcrumb","itemListElement":[{"@type":"ListItem","position":1,"name":"Strona g\u0142\u00f3wna","item":"https:\/\/hollie.pl\/"},{"@type":"ListItem","position":2,"name":"P\u0142atno\u015bci Klarna"}]},{"@type":"WebSite","@id":"https:\/\/hollie.pl\/#website","url":"https:\/\/hollie.pl\/","name":"Hollie Warsaw","description":"torebki damskie i akcesoria | torebka damska","publisher":{"@id":"https:\/\/hollie.pl\/#organization"},"potentialAction":[{"@type":"SearchAction","target":{"@type":"EntryPoint","urlTemplate":"https:\/\/hollie.pl\/?s={search_term_string}"},"query-input":{"@type":"PropertyValueSpecification","valueRequired":true,"valueName":"search_term_string"}}],"inLanguage":"en-GB"},{"@type":"Organization","@id":"https:\/\/hollie.pl\/#organization","name":"Hollie Warsaw","url":"https:\/\/hollie.pl\/","logo":{"@type":"ImageObject","inLanguage":"en-GB","@id":"https:\/\/hollie.pl\/#\/schema\/logo\/image\/","url":"https:\/\/hollie.pl\/wp-content\/uploads\/2025\/02\/HollieWarsaw-Logo.svg","contentUrl":"https:\/\/hollie.pl\/wp-content\/uploads\/2025\/02\/HollieWarsaw-Logo.svg","width":252,"height":81,"caption":"Hollie Warsaw"},"image":{"@id":"https:\/\/hollie.pl\/#\/schema\/logo\/image\/"},"sameAs":["https:\/\/www.instagram.com\/hollie.warsaw"]}]}},"_links":{"self":[{"href":"https:\/\/hollie.pl\/en\/wp-json\/wp\/v2\/pages\/746","targetHints":{"allow":["GET"]}}],"collection":[{"href":"https:\/\/hollie.pl\/en\/wp-json\/wp\/v2\/pages"}],"about":[{"href":"https:\/\/hollie.pl\/en\/wp-json\/wp\/v2\/types\/page"}],"author":[{"embeddable":true,"href":"https:\/\/hollie.pl\/en\/wp-json\/wp\/v2\/users\/1"}],"replies":[{"embeddable":true,"href":"https:\/\/hollie.pl\/en\/wp-json\/wp\/v2\/comments?post=746"}],"version-history":[{"count":7,"href":"https:\/\/hollie.pl\/en\/wp-json\/wp\/v2\/pages\/746\/revisions"}],"predecessor-version":[{"id":1543,"href":"https:\/\/hollie.pl\/en\/wp-json\/wp\/v2\/pages\/746\/revisions\/1543"}],"wp:attachment":[{"href":"https:\/\/hollie.pl\/en\/wp-json\/wp\/v2\/media?parent=746"}],"curies":[{"name":"wp","href":"https:\/\/api.w.org\/{rel}","templated":true}]}}